{"id":27,"date":"2025-07-09T13:36:36","date_gmt":"2025-07-09T11:36:36","guid":{"rendered":"https:\/\/catiasbl.be\/?page_id=27"},"modified":"2026-04-07T17:51:24","modified_gmt":"2026-04-07T15:51:24","slug":"bienvenue-au-cati","status":"publish","type":"page","link":"https:\/\/catiasbl.be\/","title":{"rendered":"Bienvenue au CATI \u2013 Centre d\u2019Alphab\u00e9tisation en fran\u00e7ais langue \u00e9trang\u00e8re (FLE)"},"content":{"rendered":"\n<p class=\"has-text-align-center\">Le <strong>CATI asbl<\/strong> propose des <strong>cours d&rsquo;alphab\u00e9tisation et de fran\u00e7ais langue \u00e9trang\u00e8re (FLE)<\/strong> pour adultes, du niveau d\u00e9butant \u00e0 l\u2019entr\u00e9e B1, de <strong>septembre \u00e0 d\u00e9but juillet<\/strong>. Les s\u00e9ances se d\u00e9roulent les <strong>mardis, mercredis et\/ou jeudis<\/strong>, de <strong>19h \u00e0 21h<\/strong>, dans une ambiance <strong>conviviale et bienveillante<\/strong>.<\/p>\n\n\n\n<p class=\"has-text-align-center has-large-font-size\"><\/p>\n\n\n\n<p class=\"has-text-align-center has-accent-3-color has-base-2-background-color has-text-color has-background has-link-color has-large-font-size wp-elements-2247228fb0cede6d41801e08ba2b92f3\"><strong>Tous nos groupes FLE sont complets<\/strong><br><strong> pour 2025-2026<\/strong><br>Prochaines inscriptions en aout 2026<\/p>\n\n\n\n<p class=\"has-text-align-center\">Notre structure est agr\u00e9e par la COCOF <br>(d\u00e9cret Coh\u00e9sion sociale du 30.11.18).<\/p>\n\n\n\n<!-- Google Tag Manager (noscript) -->\n<noscript><iframe src=\"https:\/\/www.googletagmanager.com\/ns.html?id=GTM-W6TXRNBC\"\nheight=\"0\" width=\"0\" style=\"display:none;visibility:hidden\"><\/iframe><\/noscript>\n<!-- End Google Tag Manager (noscript) -->\n\n\n\n<h2 class=\"wp-block-heading\">Inscriptions<\/h2>\n\n\n\n<p>Les inscriptions pour nos groupes alpha\/FLE de la rentr\u00e9e 2026-2027 d\u00e9marreront en aout 2026. Il faudra nous <strong>envoyer un message WhatsApp ou SMS ou mail <span style=\"text-decoration: underline;\">\u00e0 partir du 10\/08\/26<\/span> <\/strong> afin d&rsquo;avoir un RDV en aout pour passer un test de positionnement et d\u00e9terminer le niveau de fran\u00e7ais de d\u00e9part du candidat apprenant.<\/p>\n\n\n\n<p><\/p>\n\n\n\n<p><\/p>\n\n\n\n<h2 class=\"wp-block-heading\">O\u00f9 nos trouver?<\/h2>\n\n\n\n<p><strong>Rue Philom\u00e8ne 39, 1030 Schaerbeek<\/strong> (Bruxelles)<br>(Acc\u00e8s ais\u00e9 en transports en commun)<\/p>\n","protected":false},"excerpt":{"rendered":"<p>Le CATI asbl propose des cours d&rsquo;alphab\u00e9tisation et de fran\u00e7ais langue \u00e9trang\u00e8re (FLE) pour adultes, du niveau d\u00e9butant \u00e0 l\u2019entr\u00e9e B1, de septembre \u00e0 d\u00e9but juillet. Les s\u00e9ances se d\u00e9roulent les mardis, mercredis et\/ou jeudis, de 19h \u00e0 21h, dans une ambiance conviviale et bienveillante. Tous nos groupes FLE sont complets pour 2025-2026Prochaines inscriptions en [&hellip;]<\/p>\n","protected":false},"author":1,"featured_media":0,"parent":0,"menu_order":0,"comment_status":"closed","ping_status":"closed","template":"","meta":{"footnotes":""},"class_list":["post-27","page","type-page","status-publish","hentry"],"yoast_head":"<!-- This site is optimized with the Yoast SEO plugin v25.5 - https:\/\/yoast.com\/wordpress\/plugins\/seo\/ -->\n<title>Bienvenue au CATI \u2013 Centre d\u2019Alphab\u00e9tisation en fran\u00e7ais langue \u00e9trang\u00e8re (FLE) -<\/title>\n<meta name=\"robots\" content=\"index, follow, max-snippet:-1, max-image-preview:large, max-video-preview:-1\" \/>\n<link rel=\"canonical\" href=\"https:\/\/catiasbl.be\/\" \/>\n<meta property=\"og:locale\" content=\"fr_FR\" \/>\n<meta property=\"og:type\" content=\"article\" \/>\n<meta property=\"og:title\" content=\"Bienvenue au CATI \u2013 Centre d\u2019Alphab\u00e9tisation en fran\u00e7ais langue \u00e9trang\u00e8re (FLE) -\" \/>\n<meta property=\"og:description\" content=\"Le CATI asbl propose des cours d&rsquo;alphab\u00e9tisation et de fran\u00e7ais langue \u00e9trang\u00e8re (FLE) pour adultes, du niveau d\u00e9butant \u00e0 l\u2019entr\u00e9e B1, de septembre \u00e0 d\u00e9but juillet. Les s\u00e9ances se d\u00e9roulent les mardis, mercredis et\/ou jeudis, de 19h \u00e0 21h, dans une ambiance conviviale et bienveillante. Tous nos groupes FLE sont complets pour 2025-2026Prochaines inscriptions en [&hellip;]\" \/>\n<meta property=\"og:url\" content=\"https:\/\/catiasbl.be\/\" \/>\n<meta property=\"article:publisher\" content=\"https:\/\/www.facebook.com\/catiasbl\/\" \/>\n<meta property=\"article:modified_time\" content=\"2026-04-07T15:51:24+00:00\" \/>\n<meta property=\"og:image\" content=\"https:\/\/catiasbl.be\/wp-content\/uploads\/2025\/04\/logo-cati.jpg\" \/>\n\t<meta property=\"og:image:width\" content=\"332\" \/>\n\t<meta property=\"og:image:height\" content=\"150\" \/>\n\t<meta property=\"og:image:type\" content=\"image\/jpeg\" \/>\n<meta name=\"twitter:card\" content=\"summary_large_image\" \/>\n<meta name=\"twitter:label1\" content=\"Dur\u00e9e de lecture estim\u00e9e\" \/>\n\t<meta name=\"twitter:data1\" content=\"1 minute\" \/>\n<script type=\"application\/ld+json\" class=\"yoast-schema-graph\">{\"@context\":\"https:\/\/schema.org\",\"@graph\":[{\"@type\":\"WebPage\",\"@id\":\"https:\/\/catiasbl.be\/\",\"url\":\"https:\/\/catiasbl.be\/\",\"name\":\"Bienvenue au CATI \u2013 Centre d\u2019Alphab\u00e9tisation en fran\u00e7ais langue \u00e9trang\u00e8re (FLE) -\",\"isPartOf\":{\"@id\":\"https:\/\/catiasbl.be\/#website\"},\"datePublished\":\"2025-07-09T11:36:36+00:00\",\"dateModified\":\"2026-04-07T15:51:24+00:00\",\"breadcrumb\":{\"@id\":\"https:\/\/catiasbl.be\/#breadcrumb\"},\"inLanguage\":\"fr-FR\",\"potentialAction\":[{\"@type\":\"ReadAction\",\"target\":[\"https:\/\/catiasbl.be\/\"]}]},{\"@type\":\"BreadcrumbList\",\"@id\":\"https:\/\/catiasbl.be\/#breadcrumb\",\"itemListElement\":[{\"@type\":\"ListItem\",\"position\":1,\"name\":\"Accueil\",\"item\":\"https:\/\/catiasbl.be\/\"},{\"@type\":\"ListItem\",\"position\":2,\"name\":\"Bienvenue au CATI \u2013 Centre d\u2019Alphab\u00e9tisation en fran\u00e7ais langue \u00e9trang\u00e8re (FLE)\"}]},{\"@type\":\"WebSite\",\"@id\":\"https:\/\/catiasbl.be\/#website\",\"url\":\"https:\/\/catiasbl.be\/\",\"name\":\"cati asbl\",\"description\":\"CATI ASBL\",\"publisher\":{\"@id\":\"https:\/\/catiasbl.be\/#organization\"},\"potentialAction\":[{\"@type\":\"SearchAction\",\"target\":{\"@type\":\"EntryPoint\",\"urlTemplate\":\"https:\/\/catiasbl.be\/?s={search_term_string}\"},\"query-input\":{\"@type\":\"PropertyValueSpecification\",\"valueRequired\":true,\"valueName\":\"search_term_string\"}}],\"inLanguage\":\"fr-FR\"},{\"@type\":\"Organization\",\"@id\":\"https:\/\/catiasbl.be\/#organization\",\"name\":\"CATI asbl\",\"url\":\"https:\/\/catiasbl.be\/\",\"logo\":{\"@type\":\"ImageObject\",\"inLanguage\":\"fr-FR\",\"@id\":\"https:\/\/catiasbl.be\/#\/schema\/logo\/image\/\",\"url\":\"https:\/\/catiasbl.be\/wp-content\/uploads\/2025\/04\/logo-cati.jpg\",\"contentUrl\":\"https:\/\/catiasbl.be\/wp-content\/uploads\/2025\/04\/logo-cati.jpg\",\"width\":332,\"height\":150,\"caption\":\"CATI asbl\"},\"image\":{\"@id\":\"https:\/\/catiasbl.be\/#\/schema\/logo\/image\/\"},\"sameAs\":[\"https:\/\/www.facebook.com\/catiasbl\/\"]}]}<\/script>\n<!-- \/ Yoast SEO plugin. -->","yoast_head_json":{"title":"Bienvenue au CATI \u2013 Centre d\u2019Alphab\u00e9tisation en fran\u00e7ais langue \u00e9trang\u00e8re (FLE) -","robots":{"index":"index","follow":"follow","max-snippet":"max-snippet:-1","max-image-preview":"max-image-preview:large","max-video-preview":"max-video-preview:-1"},"canonical":"https:\/\/catiasbl.be\/","og_locale":"fr_FR","og_type":"article","og_title":"Bienvenue au CATI \u2013 Centre d\u2019Alphab\u00e9tisation en fran\u00e7ais langue \u00e9trang\u00e8re (FLE) -","og_description":"Le CATI asbl propose des cours d&rsquo;alphab\u00e9tisation et de fran\u00e7ais langue \u00e9trang\u00e8re (FLE) pour adultes, du niveau d\u00e9butant \u00e0 l\u2019entr\u00e9e B1, de septembre \u00e0 d\u00e9but juillet. Les s\u00e9ances se d\u00e9roulent les mardis, mercredis et\/ou jeudis, de 19h \u00e0 21h, dans une ambiance conviviale et bienveillante. Tous nos groupes FLE sont complets pour 2025-2026Prochaines inscriptions en [&hellip;]","og_url":"https:\/\/catiasbl.be\/","article_publisher":"https:\/\/www.facebook.com\/catiasbl\/","article_modified_time":"2026-04-07T15:51:24+00:00","og_image":[{"width":332,"height":150,"url":"https:\/\/catiasbl.be\/wp-content\/uploads\/2025\/04\/logo-cati.jpg","type":"image\/jpeg"}],"twitter_card":"summary_large_image","twitter_misc":{"Dur\u00e9e de lecture estim\u00e9e":"1 minute"},"schema":{"@context":"https:\/\/schema.org","@graph":[{"@type":"WebPage","@id":"https:\/\/catiasbl.be\/","url":"https:\/\/catiasbl.be\/","name":"Bienvenue au CATI \u2013 Centre d\u2019Alphab\u00e9tisation en fran\u00e7ais langue \u00e9trang\u00e8re (FLE) -","isPartOf":{"@id":"https:\/\/catiasbl.be\/#website"},"datePublished":"2025-07-09T11:36:36+00:00","dateModified":"2026-04-07T15:51:24+00:00","breadcrumb":{"@id":"https:\/\/catiasbl.be\/#breadcrumb"},"inLanguage":"fr-FR","potentialAction":[{"@type":"ReadAction","target":["https:\/\/catiasbl.be\/"]}]},{"@type":"BreadcrumbList","@id":"https:\/\/catiasbl.be\/#breadcrumb","itemListElement":[{"@type":"ListItem","position":1,"name":"Accueil","item":"https:\/\/catiasbl.be\/"},{"@type":"ListItem","position":2,"name":"Bienvenue au CATI \u2013 Centre d\u2019Alphab\u00e9tisation en fran\u00e7ais langue \u00e9trang\u00e8re (FLE)"}]},{"@type":"WebSite","@id":"https:\/\/catiasbl.be\/#website","url":"https:\/\/catiasbl.be\/","name":"cati asbl","description":"CATI ASBL","publisher":{"@id":"https:\/\/catiasbl.be\/#organization"},"potentialAction":[{"@type":"SearchAction","target":{"@type":"EntryPoint","urlTemplate":"https:\/\/catiasbl.be\/?s={search_term_string}"},"query-input":{"@type":"PropertyValueSpecification","valueRequired":true,"valueName":"search_term_string"}}],"inLanguage":"fr-FR"},{"@type":"Organization","@id":"https:\/\/catiasbl.be\/#organization","name":"CATI asbl","url":"https:\/\/catiasbl.be\/","logo":{"@type":"ImageObject","inLanguage":"fr-FR","@id":"https:\/\/catiasbl.be\/#\/schema\/logo\/image\/","url":"https:\/\/catiasbl.be\/wp-content\/uploads\/2025\/04\/logo-cati.jpg","contentUrl":"https:\/\/catiasbl.be\/wp-content\/uploads\/2025\/04\/logo-cati.jpg","width":332,"height":150,"caption":"CATI asbl"},"image":{"@id":"https:\/\/catiasbl.be\/#\/schema\/logo\/image\/"},"sameAs":["https:\/\/www.facebook.com\/catiasbl\/"]}]}},"_links":{"self":[{"href":"https:\/\/catiasbl.be\/index.php\/wp-json\/wp\/v2\/pages\/27","targetHints":{"allow":["GET"]}}],"collection":[{"href":"https:\/\/catiasbl.be\/index.php\/wp-json\/wp\/v2\/pages"}],"about":[{"href":"https:\/\/catiasbl.be\/index.php\/wp-json\/wp\/v2\/types\/page"}],"author":[{"embeddable":true,"href":"https:\/\/catiasbl.be\/index.php\/wp-json\/wp\/v2\/users\/1"}],"replies":[{"embeddable":true,"href":"https:\/\/catiasbl.be\/index.php\/wp-json\/wp\/v2\/comments?post=27"}],"version-history":[{"count":21,"href":"https:\/\/catiasbl.be\/index.php\/wp-json\/wp\/v2\/pages\/27\/revisions"}],"predecessor-version":[{"id":117,"href":"https:\/\/catiasbl.be\/index.php\/wp-json\/wp\/v2\/pages\/27\/revisions\/117"}],"wp:attachment":[{"href":"https:\/\/catiasbl.be\/index.php\/wp-json\/wp\/v2\/media?parent=27"}],"curies":[{"name":"wp","href":"https:\/\/api.w.org\/{rel}","templated":true}]}}