{"id":8,"date":"2025-04-30T13:31:49","date_gmt":"2025-04-30T11:31:49","guid":{"rendered":"https:\/\/catiasbl.be\/?page_id=8"},"modified":"2025-04-30T13:31:49","modified_gmt":"2025-04-30T11:31:49","slug":"qui-sommes-nous","status":"publish","type":"page","link":"https:\/\/catiasbl.be\/index.php\/qui-sommes-nous\/","title":{"rendered":"Qui sommes nous?"},"content":{"rendered":"\n<div class=\"wp-block-group alignfull has-global-padding is-layout-constrained wp-container-core-group-is-layout-490fa1db wp-block-group-is-layout-constrained\" style=\"padding-top:var(--wp--preset--spacing--50);padding-right:var(--wp--preset--spacing--50);padding-bottom:var(--wp--preset--spacing--50);padding-left:var(--wp--preset--spacing--50)\">\n<p>Le Centre d&rsquo;Alphab\u00e9tisation pour Travailleurs Immigr\u00e9s (CATI) est une association bruxelloise fond\u00e9e en 1969 par Charles de Raikem pour aider les familles immigr\u00e9es, notamment marocaines, \u00e0 r\u00e9diger leur courrier administratif. Ce projet a \u00e9volu\u00e9 en une ASBL en 1972, sous le nom d&rsquo;Amicale d&rsquo;Alphab\u00e9tisation Schaerbeekoise, puis renomm\u00e9e CATI en 1981. L&rsquo;association dispense des cours de fran\u00e7ais langue \u00e9trang\u00e8re (FLE) et d&rsquo;alphab\u00e9tisation, principalement en soir\u00e9e, destin\u00e9s aux travailleurs adultes. Elle fonctionne exclusivement gr\u00e2ce \u00e0 des b\u00e9n\u00e9voles et reste fid\u00e8le \u00e0 sa mission d&rsquo;int\u00e9gration sociale et linguistique des adultes immigr\u00e9s.<\/p>\n<\/div>\n\n\n\n<div class=\"wp-block-group alignfull has-base-2-background-color has-background has-global-padding is-layout-constrained wp-container-core-group-is-layout-669513ed wp-block-group-is-layout-constrained\" style=\"margin-top:0;margin-bottom:0;padding-top:var(--wp--preset--spacing--50);padding-right:var(--wp--preset--spacing--50);padding-bottom:var(--wp--preset--spacing--50);padding-left:var(--wp--preset--spacing--50)\"><\/div>\n\n\n\n<div class=\"wp-block-group alignfull has-global-padding is-layout-constrained wp-container-core-group-is-layout-d89aad35 wp-block-group-is-layout-constrained\" style=\"margin-top:0;margin-bottom:0;padding-top:var(--wp--preset--spacing--50);padding-right:var(--wp--preset--spacing--50);padding-bottom:var(--wp--preset--spacing--50);padding-left:var(--wp--preset--spacing--50)\"><\/div>\n","protected":false},"excerpt":{"rendered":"<p>Le Centre d&rsquo;Alphab\u00e9tisation pour Travailleurs Immigr\u00e9s (CATI) est une association bruxelloise fond\u00e9e en 1969 par Charles de Raikem pour aider les familles immigr\u00e9es, notamment marocaines, \u00e0 r\u00e9diger leur courrier administratif. Ce projet a \u00e9volu\u00e9 en une ASBL en 1972, sous le nom d&rsquo;Amicale d&rsquo;Alphab\u00e9tisation Schaerbeekoise, puis renomm\u00e9e CATI en 1981. L&rsquo;association dispense des cours de [&hellip;]<\/p>\n","protected":false},"author":1,"featured_media":0,"parent":0,"menu_order":0,"comment_status":"closed","ping_status":"closed","template":"","meta":{"footnotes":""},"class_list":["post-8","page","type-page","status-publish","hentry"],"yoast_head":"<!-- This site is optimized with the Yoast SEO plugin v25.5 - https:\/\/yoast.com\/wordpress\/plugins\/seo\/ -->\n<title>Qui sommes nous? -<\/title>\n<meta name=\"robots\" content=\"index, follow, max-snippet:-1, max-image-preview:large, max-video-preview:-1\" \/>\n<link rel=\"canonical\" href=\"https:\/\/catiasbl.be\/index.php\/qui-sommes-nous\/\" \/>\n<meta property=\"og:locale\" content=\"fr_FR\" \/>\n<meta property=\"og:type\" content=\"article\" \/>\n<meta property=\"og:title\" content=\"Qui sommes nous? -\" \/>\n<meta property=\"og:description\" content=\"Le Centre d&rsquo;Alphab\u00e9tisation pour Travailleurs Immigr\u00e9s (CATI) est une association bruxelloise fond\u00e9e en 1969 par Charles de Raikem pour aider les familles immigr\u00e9es, notamment marocaines, \u00e0 r\u00e9diger leur courrier administratif. Ce projet a \u00e9volu\u00e9 en une ASBL en 1972, sous le nom d&rsquo;Amicale d&rsquo;Alphab\u00e9tisation Schaerbeekoise, puis renomm\u00e9e CATI en 1981. L&rsquo;association dispense des cours de [&hellip;]\" \/>\n<meta property=\"og:url\" content=\"https:\/\/catiasbl.be\/index.php\/qui-sommes-nous\/\" \/>\n<meta property=\"article:publisher\" content=\"https:\/\/www.facebook.com\/catiasbl\/\" \/>\n<meta property=\"og:image\" content=\"https:\/\/catiasbl.be\/wp-content\/uploads\/2025\/04\/logo-cati.jpg\" \/>\n\t<meta property=\"og:image:width\" content=\"332\" \/>\n\t<meta property=\"og:image:height\" content=\"150\" \/>\n\t<meta property=\"og:image:type\" content=\"image\/jpeg\" \/>\n<meta name=\"twitter:card\" content=\"summary_large_image\" \/>\n<meta name=\"twitter:label1\" content=\"Dur\u00e9e de lecture estim\u00e9e\" \/>\n\t<meta name=\"twitter:data1\" content=\"1 minute\" \/>\n<script type=\"application\/ld+json\" class=\"yoast-schema-graph\">{\"@context\":\"https:\/\/schema.org\",\"@graph\":[{\"@type\":\"WebPage\",\"@id\":\"https:\/\/catiasbl.be\/index.php\/qui-sommes-nous\/\",\"url\":\"https:\/\/catiasbl.be\/index.php\/qui-sommes-nous\/\",\"name\":\"Qui sommes nous? -\",\"isPartOf\":{\"@id\":\"https:\/\/catiasbl.be\/#website\"},\"datePublished\":\"2025-04-30T11:31:49+00:00\",\"breadcrumb\":{\"@id\":\"https:\/\/catiasbl.be\/index.php\/qui-sommes-nous\/#breadcrumb\"},\"inLanguage\":\"fr-FR\",\"potentialAction\":[{\"@type\":\"ReadAction\",\"target\":[\"https:\/\/catiasbl.be\/index.php\/qui-sommes-nous\/\"]}]},{\"@type\":\"BreadcrumbList\",\"@id\":\"https:\/\/catiasbl.be\/index.php\/qui-sommes-nous\/#breadcrumb\",\"itemListElement\":[{\"@type\":\"ListItem\",\"position\":1,\"name\":\"Accueil\",\"item\":\"https:\/\/catiasbl.be\/\"},{\"@type\":\"ListItem\",\"position\":2,\"name\":\"Qui sommes nous?\"}]},{\"@type\":\"WebSite\",\"@id\":\"https:\/\/catiasbl.be\/#website\",\"url\":\"https:\/\/catiasbl.be\/\",\"name\":\"cati asbl\",\"description\":\"CATI ASBL\",\"publisher\":{\"@id\":\"https:\/\/catiasbl.be\/#organization\"},\"potentialAction\":[{\"@type\":\"SearchAction\",\"target\":{\"@type\":\"EntryPoint\",\"urlTemplate\":\"https:\/\/catiasbl.be\/?s={search_term_string}\"},\"query-input\":{\"@type\":\"PropertyValueSpecification\",\"valueRequired\":true,\"valueName\":\"search_term_string\"}}],\"inLanguage\":\"fr-FR\"},{\"@type\":\"Organization\",\"@id\":\"https:\/\/catiasbl.be\/#organization\",\"name\":\"CATI asbl\",\"url\":\"https:\/\/catiasbl.be\/\",\"logo\":{\"@type\":\"ImageObject\",\"inLanguage\":\"fr-FR\",\"@id\":\"https:\/\/catiasbl.be\/#\/schema\/logo\/image\/\",\"url\":\"https:\/\/catiasbl.be\/wp-content\/uploads\/2025\/04\/logo-cati.jpg\",\"contentUrl\":\"https:\/\/catiasbl.be\/wp-content\/uploads\/2025\/04\/logo-cati.jpg\",\"width\":332,\"height\":150,\"caption\":\"CATI asbl\"},\"image\":{\"@id\":\"https:\/\/catiasbl.be\/#\/schema\/logo\/image\/\"},\"sameAs\":[\"https:\/\/www.facebook.com\/catiasbl\/\"]}]}<\/script>\n<!-- \/ Yoast SEO plugin. -->","yoast_head_json":{"title":"Qui sommes nous? -","robots":{"index":"index","follow":"follow","max-snippet":"max-snippet:-1","max-image-preview":"max-image-preview:large","max-video-preview":"max-video-preview:-1"},"canonical":"https:\/\/catiasbl.be\/index.php\/qui-sommes-nous\/","og_locale":"fr_FR","og_type":"article","og_title":"Qui sommes nous? -","og_description":"Le Centre d&rsquo;Alphab\u00e9tisation pour Travailleurs Immigr\u00e9s (CATI) est une association bruxelloise fond\u00e9e en 1969 par Charles de Raikem pour aider les familles immigr\u00e9es, notamment marocaines, \u00e0 r\u00e9diger leur courrier administratif. Ce projet a \u00e9volu\u00e9 en une ASBL en 1972, sous le nom d&rsquo;Amicale d&rsquo;Alphab\u00e9tisation Schaerbeekoise, puis renomm\u00e9e CATI en 1981. L&rsquo;association dispense des cours de [&hellip;]","og_url":"https:\/\/catiasbl.be\/index.php\/qui-sommes-nous\/","article_publisher":"https:\/\/www.facebook.com\/catiasbl\/","og_image":[{"width":332,"height":150,"url":"https:\/\/catiasbl.be\/wp-content\/uploads\/2025\/04\/logo-cati.jpg","type":"image\/jpeg"}],"twitter_card":"summary_large_image","twitter_misc":{"Dur\u00e9e de lecture estim\u00e9e":"1 minute"},"schema":{"@context":"https:\/\/schema.org","@graph":[{"@type":"WebPage","@id":"https:\/\/catiasbl.be\/index.php\/qui-sommes-nous\/","url":"https:\/\/catiasbl.be\/index.php\/qui-sommes-nous\/","name":"Qui sommes nous? -","isPartOf":{"@id":"https:\/\/catiasbl.be\/#website"},"datePublished":"2025-04-30T11:31:49+00:00","breadcrumb":{"@id":"https:\/\/catiasbl.be\/index.php\/qui-sommes-nous\/#breadcrumb"},"inLanguage":"fr-FR","potentialAction":[{"@type":"ReadAction","target":["https:\/\/catiasbl.be\/index.php\/qui-sommes-nous\/"]}]},{"@type":"BreadcrumbList","@id":"https:\/\/catiasbl.be\/index.php\/qui-sommes-nous\/#breadcrumb","itemListElement":[{"@type":"ListItem","position":1,"name":"Accueil","item":"https:\/\/catiasbl.be\/"},{"@type":"ListItem","position":2,"name":"Qui sommes nous?"}]},{"@type":"WebSite","@id":"https:\/\/catiasbl.be\/#website","url":"https:\/\/catiasbl.be\/","name":"cati asbl","description":"CATI ASBL","publisher":{"@id":"https:\/\/catiasbl.be\/#organization"},"potentialAction":[{"@type":"SearchAction","target":{"@type":"EntryPoint","urlTemplate":"https:\/\/catiasbl.be\/?s={search_term_string}"},"query-input":{"@type":"PropertyValueSpecification","valueRequired":true,"valueName":"search_term_string"}}],"inLanguage":"fr-FR"},{"@type":"Organization","@id":"https:\/\/catiasbl.be\/#organization","name":"CATI asbl","url":"https:\/\/catiasbl.be\/","logo":{"@type":"ImageObject","inLanguage":"fr-FR","@id":"https:\/\/catiasbl.be\/#\/schema\/logo\/image\/","url":"https:\/\/catiasbl.be\/wp-content\/uploads\/2025\/04\/logo-cati.jpg","contentUrl":"https:\/\/catiasbl.be\/wp-content\/uploads\/2025\/04\/logo-cati.jpg","width":332,"height":150,"caption":"CATI asbl"},"image":{"@id":"https:\/\/catiasbl.be\/#\/schema\/logo\/image\/"},"sameAs":["https:\/\/www.facebook.com\/catiasbl\/"]}]}},"_links":{"self":[{"href":"https:\/\/catiasbl.be\/index.php\/wp-json\/wp\/v2\/pages\/8","targetHints":{"allow":["GET"]}}],"collection":[{"href":"https:\/\/catiasbl.be\/index.php\/wp-json\/wp\/v2\/pages"}],"about":[{"href":"https:\/\/catiasbl.be\/index.php\/wp-json\/wp\/v2\/types\/page"}],"author":[{"embeddable":true,"href":"https:\/\/catiasbl.be\/index.php\/wp-json\/wp\/v2\/users\/1"}],"replies":[{"embeddable":true,"href":"https:\/\/catiasbl.be\/index.php\/wp-json\/wp\/v2\/comments?post=8"}],"version-history":[{"count":1,"href":"https:\/\/catiasbl.be\/index.php\/wp-json\/wp\/v2\/pages\/8\/revisions"}],"predecessor-version":[{"id":9,"href":"https:\/\/catiasbl.be\/index.php\/wp-json\/wp\/v2\/pages\/8\/revisions\/9"}],"wp:attachment":[{"href":"https:\/\/catiasbl.be\/index.php\/wp-json\/wp\/v2\/media?parent=8"}],"curies":[{"name":"wp","href":"https:\/\/api.w.org\/{rel}","templated":true}]}}